{"id":1379,"date":"2026-03-19T18:07:41","date_gmt":"2026-03-19T10:07:41","guid":{"rendered":"https:\/\/reasew.com\/products\/100-polyester-sewing-thread-industrial-grade-high-tenacity-low-shrink\/"},"modified":"2026-03-20T15:15:19","modified_gmt":"2026-03-20T07:15:19","slug":"100-polyester-sewing-thread-industrial-grade-high-tenacity-low-shrink","status":"publish","type":"product","link":"https:\/\/reasew.com\/de\/products\/100-polyester-sewing-thread-industrial-grade-high-tenacity-low-shrink\/","title":{"rendered":"100% Polyester-N\u00e4hgarn | Industriequalit\u00e4t, hohe Rei\u00dffestigkeit, geringes Einlaufen"},"content":{"rendered":"<p><b>7 days sample order lead time:<\/b> Not Support<br \/>\n<b>Brand Name:<\/b> LOTUS<br \/>\n<b>Material:<\/b> 100% Polyester<br \/>\n<b>Pattern:<\/b> Dyed<br \/>\n<b>Feature:<\/b> High Tenacity<br \/>\n<b>Application:<\/b> Bags, Shoes, Sewing<\/p>","protected":false},"excerpt":{"rendered":"<p>7 days sample order lead time: Not Support Brand Name: LOTUS Material: 100% Polyester Pattern: Dyed Feature: High Tenacity Application: Bags, Shoes, Sewing<\/p>","protected":false},"featured_media":1373,"template":"","meta":[],"product_brand":[],"product_cat":[94],"product_tag":[],"class_list":{"0":"post-1379","1":"product","2":"type-product","3":"status-publish","4":"has-post-thumbnail","6":"product_cat-sewing-threads","8":"first","9":"instock","10":"shipping-taxable","11":"purchasable","12":"product-type-simple"},"_links":{"self":[{"href":"https:\/\/reasew.com\/de\/wp-json\/wp\/v2\/product\/1379","targetHints":{"allow":["GET"]}}],"collection":[{"href":"https:\/\/reasew.com\/de\/wp-json\/wp\/v2\/product"}],"about":[{"href":"https:\/\/reasew.com\/de\/wp-json\/wp\/v2\/types\/product"}],"wp:featuredmedia":[{"embeddable":true,"href":"https:\/\/reasew.com\/de\/wp-json\/wp\/v2\/media\/1373"}],"wp:attachment":[{"href":"https:\/\/reasew.com\/de\/wp-json\/wp\/v2\/media?parent=1379"}],"wp:term":[{"taxonomy":"product_brand","embeddable":true,"href":"https:\/\/reasew.com\/de\/wp-json\/wp\/v2\/product_brand?post=1379"},{"taxonomy":"product_cat","embeddable":true,"href":"https:\/\/reasew.com\/de\/wp-json\/wp\/v2\/product_cat?post=1379"},{"taxonomy":"product_tag","embeddable":true,"href":"https:\/\/reasew.com\/de\/wp-json\/wp\/v2\/product_tag?post=1379"}],"curies":[{"name":"wp","href":"https:\/\/api.w.org\/{rel}","templated":true}]}}