{"id":2875,"date":"2026-03-30T18:29:47","date_gmt":"2026-03-30T10:29:47","guid":{"rendered":"https:\/\/reasew.com\/products\/dansky-eco-friendly-self-adhesive-white-sticky-back-nylon-coins-soft-hook-and-loop-dots-tapes-for-storage-double-sided\/"},"modified":"2026-03-30T18:35:28","modified_gmt":"2026-03-30T10:35:28","slug":"white-sticky-back-nylon-coins-soft-hook-and-loop-dots-tapes-for-storage-double-sided","status":"publish","type":"product","link":"https:\/\/reasew.com\/de\/products\/white-sticky-back-nylon-coins-soft-hook-and-loop-dots-tapes-for-storage-double-sided\/","title":{"rendered":"Umweltfreundliche, selbstklebende, wei\u00dfe Nylon-M\u00fcnzen mit weicher Klettfl\u00e4che und Punkten zur Aufbewahrung, doppelseitig"},"content":{"rendered":"<p><b>7 days sample order lead time:<\/b> Support<br \/>\n<b>Material:<\/b> nylon<br \/>\n<b>Feature:<\/b> Eco-Friendly<br \/>\n<b>Shape:<\/b> Dot<br \/>\n<b>Application:<\/b> Shoes<br \/>\n<b>Size:<\/b> 10-150mm(0.39-5.91in)<br \/>\n<b>Adhesive Side:<\/b> Single Sided<br \/>\n<b>Technics:<\/b> Printed<br \/>\n<b>Adhesive Force:<\/b> Strong<\/p>","protected":false},"excerpt":{"rendered":"<p>7 days sample order lead time: Support Material: nylon Feature: Eco-Friendly Shape: Dot Application: Shoes Size: 10-150mm(0.39-5.91in) Adhesive Side: Single Sided Technics: Printed Adhesive Force: Strong<\/p>","protected":false},"featured_media":2869,"template":"","meta":[],"product_brand":[],"product_cat":[123],"product_tag":[236,237],"class_list":{"0":"post-2875","1":"product","2":"type-product","3":"status-publish","4":"has-post-thumbnail","6":"product_cat-hook-loop-tapes","7":"product_tag-hook-and-loop","8":"product_tag-velcro","10":"first","11":"outofstock","12":"shipping-taxable","13":"purchasable","14":"product-type-variable"},"_links":{"self":[{"href":"https:\/\/reasew.com\/de\/wp-json\/wp\/v2\/product\/2875","targetHints":{"allow":["GET"]}}],"collection":[{"href":"https:\/\/reasew.com\/de\/wp-json\/wp\/v2\/product"}],"about":[{"href":"https:\/\/reasew.com\/de\/wp-json\/wp\/v2\/types\/product"}],"wp:featuredmedia":[{"embeddable":true,"href":"https:\/\/reasew.com\/de\/wp-json\/wp\/v2\/media\/2869"}],"wp:attachment":[{"href":"https:\/\/reasew.com\/de\/wp-json\/wp\/v2\/media?parent=2875"}],"wp:term":[{"taxonomy":"product_brand","embeddable":true,"href":"https:\/\/reasew.com\/de\/wp-json\/wp\/v2\/product_brand?post=2875"},{"taxonomy":"product_cat","embeddable":true,"href":"https:\/\/reasew.com\/de\/wp-json\/wp\/v2\/product_cat?post=2875"},{"taxonomy":"product_tag","embeddable":true,"href":"https:\/\/reasew.com\/de\/wp-json\/wp\/v2\/product_tag?post=2875"}],"curies":[{"name":"wp","href":"https:\/\/api.w.org\/{rel}","templated":true}]}}