{"id":2972,"date":"2026-03-30T18:37:40","date_gmt":"2026-03-30T10:37:40","guid":{"rendered":"https:\/\/reasew.com\/products\/direct-factory-sale-wholesale-3-nylon-invisible-hidden-zipper-colorful-lace-fabric-apparel-zippers-stock-for-dress-garments\/"},"modified":"2026-04-07T15:09:44","modified_gmt":"2026-04-07T07:09:44","slug":"direct-factory-sale-wholesale-3-nylon-invisible-hidden-zipper-colorful-lace-fabric-apparel-zippers-stock-for-dress-garments","status":"publish","type":"product","link":"https:\/\/reasew.com\/de\/products\/direct-factory-sale-wholesale-3-nylon-invisible-hidden-zipper-colorful-lace-fabric-apparel-zippers-stock-for-dress-garments\/","title":{"rendered":"Direkt vom Hersteller: Gro\u00dfhandel mit 3# Nylon-Rei\u00dfverschl\u00fcssen, unsichtbar, verdeckt, farbenfroh, aus Spitze, f\u00fcr Bekleidung, Kleider und Kleider."},"content":{"rendered":"<p><b>Product Type:<\/b> Zippers<br \/>\n<b>7 days sample order lead time:<\/b> Support<br \/>\n<b>Material:<\/b> nylon<br \/>\n<b>Zipper Type:<\/b> Close-End<br \/>\n<b>Feature:<\/b> Eco-Friendly<br \/>\n<b>Application:<\/b> Bags, Garment, Home Textile, Shoes<\/p>","protected":false},"excerpt":{"rendered":"<p>Product Type: Zippers 7 days sample order lead time: Support Material: nylon Zipper Type: Close-End Feature: Eco-Friendly Application: Bags, Garment, Home Textile, Shoes<\/p>","protected":false},"featured_media":2954,"template":"","meta":[],"product_brand":[],"product_cat":[254],"product_tag":[],"class_list":{"0":"post-2972","1":"product","2":"type-product","3":"status-publish","4":"has-post-thumbnail","6":"product_cat-zippers","8":"first","9":"outofstock","10":"shipping-taxable","11":"purchasable","12":"product-type-variable"},"_links":{"self":[{"href":"https:\/\/reasew.com\/de\/wp-json\/wp\/v2\/product\/2972","targetHints":{"allow":["GET"]}}],"collection":[{"href":"https:\/\/reasew.com\/de\/wp-json\/wp\/v2\/product"}],"about":[{"href":"https:\/\/reasew.com\/de\/wp-json\/wp\/v2\/types\/product"}],"wp:featuredmedia":[{"embeddable":true,"href":"https:\/\/reasew.com\/de\/wp-json\/wp\/v2\/media\/2954"}],"wp:attachment":[{"href":"https:\/\/reasew.com\/de\/wp-json\/wp\/v2\/media?parent=2972"}],"wp:term":[{"taxonomy":"product_brand","embeddable":true,"href":"https:\/\/reasew.com\/de\/wp-json\/wp\/v2\/product_brand?post=2972"},{"taxonomy":"product_cat","embeddable":true,"href":"https:\/\/reasew.com\/de\/wp-json\/wp\/v2\/product_cat?post=2972"},{"taxonomy":"product_tag","embeddable":true,"href":"https:\/\/reasew.com\/de\/wp-json\/wp\/v2\/product_tag?post=2972"}],"curies":[{"name":"wp","href":"https:\/\/api.w.org\/{rel}","templated":true}]}}