{"id":2225,"date":"2026-03-25T13:04:14","date_gmt":"2026-03-25T05:04:14","guid":{"rendered":"https:\/\/reasew.com\/products\/12pcs-120cm-different-size-multi-color-plastic-afghan-tunisian-crochet-hook-set-for-knitting-sweater\/"},"modified":"2026-03-25T13:08:23","modified_gmt":"2026-03-25T05:08:23","slug":"12pcs-120cm-different-size-multi-color-plastic-afghan-tunisian-crochet-hook-set-for-knitting-sweater","status":"publish","type":"product","link":"https:\/\/reasew.com\/es\/products\/12pcs-120cm-different-size-multi-color-plastic-afghan-tunisian-crochet-hook-set-for-knitting-sweater\/","title":{"rendered":"Juego de 12 ganchos de ganchillo tunecinos de pl\u00e1stico de 120 cm, de diferentes tama\u00f1os y colores, para tejer su\u00e9teres."},"content":{"rendered":"<p><b>tipo:<\/b> Aguja de tejer<br \/>\n<b>n\u00famero de modelo:<\/b> ZJF0025<br \/>\n<b>nombre de la marca:<\/b> Lotus<br \/>\n<b>lugar de origen:<\/b> Zhejiang, China<br \/>\n<b>Solicitud:<\/b> Sewing, Knitted Products, Hand Sewing, Hand Knitting<br \/>\n<b>Estilo:<\/b> Simple<br \/>\n<b>Material:<\/b> Plastic<br \/>\n<b>Color:<\/b> customized<br \/>\n<b>Uso:<\/b> afghan crochet hook<br \/>\n<b>Embalaje:<\/b> 12pcs\/bag<br \/>\n<b>Logo:<\/b> Customized Printed Logo<br \/>\n<b>Keyword:<\/b> crochet hook<br \/>\n<b>Product name:<\/b> crochet hook set<br \/>\n<b>Quality:<\/b> High quality<br \/>\n<b>Function:<\/b> Craft Works<\/p>","protected":false},"excerpt":{"rendered":"<p>type: Knitting Needle model number: ZJF0025 brand name: Lotus place of origin: Zhejiang, China Application: Sewing, Knitted Products, Hand Sewing, Hand Knitting Style: Simple Material: Plastic Color: customized Usage: afghan crochet hook Packing: 12pcs\/bag Logo: Customized Printed Logo Keyword: crochet hook Product name: crochet hook set Quality: High quality Function: Craft Works<\/p>","protected":false},"featured_media":2220,"template":"","meta":{"_acf_changed":false},"product_brand":[],"product_cat":[84],"product_tag":[208,189,197,190],"class_list":{"0":"post-2225","1":"product","2":"type-product","3":"status-publish","4":"has-post-thumbnail","6":"product_cat-needlework","7":"product_tag-crochet","8":"product_tag-crochet-hooks","9":"product_tag-knitting","10":"product_tag-needles-set","12":"first","13":"instock","14":"shipping-taxable","15":"purchasable","16":"product-type-simple"},"acf":[],"_links":{"self":[{"href":"https:\/\/reasew.com\/es\/wp-json\/wp\/v2\/product\/2225","targetHints":{"allow":["GET"]}}],"collection":[{"href":"https:\/\/reasew.com\/es\/wp-json\/wp\/v2\/product"}],"about":[{"href":"https:\/\/reasew.com\/es\/wp-json\/wp\/v2\/types\/product"}],"wp:featuredmedia":[{"embeddable":true,"href":"https:\/\/reasew.com\/es\/wp-json\/wp\/v2\/media\/2220"}],"wp:attachment":[{"href":"https:\/\/reasew.com\/es\/wp-json\/wp\/v2\/media?parent=2225"}],"wp:term":[{"taxonomy":"product_brand","embeddable":true,"href":"https:\/\/reasew.com\/es\/wp-json\/wp\/v2\/product_brand?post=2225"},{"taxonomy":"product_cat","embeddable":true,"href":"https:\/\/reasew.com\/es\/wp-json\/wp\/v2\/product_cat?post=2225"},{"taxonomy":"product_tag","embeddable":true,"href":"https:\/\/reasew.com\/es\/wp-json\/wp\/v2\/product_tag?post=2225"}],"curies":[{"name":"wp","href":"https:\/\/api.w.org\/{rel}","templated":true}]}}