{"id":2527,"date":"2026-03-25T13:52:22","date_gmt":"2026-03-25T05:52:22","guid":{"rendered":"https:\/\/reasew.com\/products\/knitted-polyester-elastic-band-tape-elastic-band-webbing\/"},"modified":"2026-03-25T13:56:20","modified_gmt":"2026-03-25T05:56:20","slug":"knitted-polyester-elastic-band-tape-elastic-band-webbing","status":"publish","type":"product","link":"https:\/\/reasew.com\/es\/products\/knitted-polyester-elastic-band-tape-elastic-band-webbing\/","title":{"rendered":"Cinta el\u00e1stica de poli\u00e9ster tejido, banda el\u00e1stica, cincha"},"content":{"rendered":"<p><b>Product Type:<\/b> Webbing, Webbing<br \/>\n<b>7 days sample order lead time:<\/b> Support<br \/>\n<b>Material:<\/b> 100% Polyester, Polyester\/Rubber<br \/>\n<b>Technics:<\/b> Woven<br \/>\n<b>Caracter\u00edstica:<\/b> Eco-Friendly, High Tenacity<br \/>\n<b>Solicitud:<\/b> Bags, Garment, Home Textile, Shoes, Clothing<br \/>\n<b>Brand Name:<\/b> Lotus Products or Customized<br \/>\n<b>Model Number:<\/b> RZ-EB004, RZ-EB004<br \/>\n<b>Width:<\/b> 0.8-10cm<br \/>\n<b>Packing:<\/b> 30\/40\/50m\/roll<br \/>\n<b>MOQ:<\/b> 5000 meters<\/p>","protected":false},"excerpt":{"rendered":"<p>Product Type: Webbing, Webbing 7 days sample order lead time: Support Material: 100% Polyester, Polyester\/Rubber Technics: Woven Feature: Eco-Friendly, High Tenacity Application: Bags, Garment, Home Textile, Shoes, Clothing Brand Name: Lotus Products or Customized Model Number: RZ-EB004, RZ-EB004 Width: 0.8-10cm Packing: 30\/40\/50m\/roll MOQ: 5000 meters<\/p>","protected":false},"featured_media":2521,"template":"","meta":[],"product_brand":[],"product_cat":[88],"product_tag":[337,235,336],"class_list":{"0":"post-2527","1":"product","2":"type-product","3":"status-publish","4":"has-post-thumbnail","6":"product_cat-webbing","7":"product_tag-elastic","8":"product_tag-tape","9":"product_tag-webbing","11":"first","12":"instock","13":"shipping-taxable","14":"purchasable","15":"product-type-variable"},"_links":{"self":[{"href":"https:\/\/reasew.com\/es\/wp-json\/wp\/v2\/product\/2527","targetHints":{"allow":["GET"]}}],"collection":[{"href":"https:\/\/reasew.com\/es\/wp-json\/wp\/v2\/product"}],"about":[{"href":"https:\/\/reasew.com\/es\/wp-json\/wp\/v2\/types\/product"}],"wp:featuredmedia":[{"embeddable":true,"href":"https:\/\/reasew.com\/es\/wp-json\/wp\/v2\/media\/2521"}],"wp:attachment":[{"href":"https:\/\/reasew.com\/es\/wp-json\/wp\/v2\/media?parent=2527"}],"wp:term":[{"taxonomy":"product_brand","embeddable":true,"href":"https:\/\/reasew.com\/es\/wp-json\/wp\/v2\/product_brand?post=2527"},{"taxonomy":"product_cat","embeddable":true,"href":"https:\/\/reasew.com\/es\/wp-json\/wp\/v2\/product_cat?post=2527"},{"taxonomy":"product_tag","embeddable":true,"href":"https:\/\/reasew.com\/es\/wp-json\/wp\/v2\/product_tag?post=2527"}],"curies":[{"name":"wp","href":"https:\/\/api.w.org\/{rel}","templated":true}]}}